{"id":343,"date":"2024-11-10T13:26:28","date_gmt":"2024-11-10T13:26:28","guid":{"rendered":"https:\/\/obex.ee\/?page_id=343"},"modified":"2024-11-18T18:48:07","modified_gmt":"2024-11-18T18:48:07","slug":"meist","status":"publish","type":"page","link":"https:\/\/obex.ee\/en\/meist\/","title":{"rendered":"About us"},"content":{"rendered":"<div data-elementor-type=\"wp-page\" data-elementor-id=\"343\" class=\"elementor elementor-343\">\n\t\t\t\t<div class=\"elementor-element elementor-element-d70bbb0 e-flex e-con-boxed e-con e-parent\" data-id=\"d70bbb0\" data-element_type=\"container\" data-e-type=\"container\" data-settings=\"{&quot;background_background&quot;:&quot;classic&quot;}\">\n\t\t\t\t\t<div class=\"e-con-inner\">\n\t\t\t\t<div class=\"elementor-element elementor-element-ac3b19b elementor-widget elementor-widget-heading\" data-id=\"ac3b19b\" data-element_type=\"widget\" data-e-type=\"widget\" data-widget_type=\"heading.default\">\n\t\t\t\t<div class=\"elementor-widget-container\">\n\t\t\t\t\t<h1 class=\"elementor-heading-title elementor-size-default\">Your reliable construction partner<\/h1>\t\t\t\t<\/div>\n\t\t\t\t<\/div>\n\t\t\t\t<div class=\"elementor-element elementor-element-d7c43ac elementor-widget elementor-widget-heading\" data-id=\"d7c43ac\" data-element_type=\"widget\" data-e-type=\"widget\" data-widget_type=\"heading.default\">\n\t\t\t\t<div class=\"elementor-widget-container\">\n\t\t\t\t\t<h2 class=\"elementor-heading-title elementor-size-default\">High-quality construction services for individuals and businesses<\/h2>\t\t\t\t<\/div>\n\t\t\t\t<\/div>\n\t\t<div class=\"elementor-element elementor-element-b8ea2e9 e-con-full e-flex e-con e-child\" data-id=\"b8ea2e9\" data-element_type=\"container\" data-e-type=\"container\">\n\t\t\t\t<div class=\"elementor-element elementor-element-c7ab133 elementor-mobile-align-left elementor-widget elementor-widget-button\" data-id=\"c7ab133\" data-element_type=\"widget\" data-e-type=\"widget\" data-widget_type=\"button.default\">\n\t\t\t\t<div class=\"elementor-widget-container\">\n\t\t\t\t\t\t\t\t\t<div class=\"elementor-button-wrapper\">\n\t\t\t\t\t<a class=\"elementor-button elementor-button-link elementor-size-sm elementor-animation-grow\" href=\"https:\/\/obex.ee\/en\/teenused\/\">\n\t\t\t\t\t\t<span class=\"elementor-button-content-wrapper\">\n\t\t\t\t\t\t\t\t\t<span class=\"elementor-button-text\">Check out our services<\/span>\n\t\t\t\t\t<\/span>\n\t\t\t\t\t<\/a>\n\t\t\t\t<\/div>\n\t\t\t\t\t\t\t\t<\/div>\n\t\t\t\t<\/div>\n\t\t\t\t<div class=\"elementor-element elementor-element-3d3e342 elementor-mobile-align-left elementor-widget elementor-widget-button\" data-id=\"3d3e342\" data-element_type=\"widget\" data-e-type=\"widget\" data-widget_type=\"button.default\">\n\t\t\t\t<div class=\"elementor-widget-container\">\n\t\t\t\t\t\t\t\t\t<div class=\"elementor-button-wrapper\">\n\t\t\t\t\t<a class=\"elementor-button elementor-button-link elementor-size-sm elementor-animation-grow\" href=\"https:\/\/obex.ee\/en\/teenused\/#tehtud-t\u00f6\u00f6d\">\n\t\t\t\t\t\t<span class=\"elementor-button-content-wrapper\">\n\t\t\t\t\t\t\t\t\t<span class=\"elementor-button-text\">Completed projects<\/span>\n\t\t\t\t\t<\/span>\n\t\t\t\t\t<\/a>\n\t\t\t\t<\/div>\n\t\t\t\t\t\t\t\t<\/div>\n\t\t\t\t<\/div>\n\t\t\t\t<\/div>\n\t\t\t\t\t<\/div>\n\t\t\t\t<\/div>\n\t\t<div class=\"elementor-element elementor-element-e4aee1c e-flex e-con-boxed e-con e-parent\" data-id=\"e4aee1c\" data-element_type=\"container\" data-e-type=\"container\" data-settings=\"{&quot;background_background&quot;:&quot;classic&quot;}\">\n\t\t\t\t\t<div class=\"e-con-inner\">\n\t\t<div class=\"elementor-element elementor-element-04cd44a e-con-full e-flex e-con e-child\" data-id=\"04cd44a\" data-element_type=\"container\" data-e-type=\"container\">\n\t\t\t\t<div class=\"elementor-element elementor-element-ca4e92d elementor-widget elementor-widget-heading\" data-id=\"ca4e92d\" data-element_type=\"widget\" data-e-type=\"widget\" data-widget_type=\"heading.default\">\n\t\t\t\t<div class=\"elementor-widget-container\">\n\t\t\t\t\t<h2 class=\"elementor-heading-title elementor-size-default\">Our mission<\/h2>\t\t\t\t<\/div>\n\t\t\t\t<\/div>\n\t\t<div class=\"elementor-element elementor-element-4eb1beb e-grid e-con-full e-con e-child\" data-id=\"4eb1beb\" data-element_type=\"container\" data-e-type=\"container\">\n\t\t\t\t<div class=\"elementor-element elementor-element-a6ee78d elementor-widget elementor-widget-text-editor\" data-id=\"a6ee78d\" data-element_type=\"widget\" data-e-type=\"widget\" data-widget_type=\"text-editor.default\">\n\t\t\t\t<div class=\"elementor-widget-container\">\n\t\t\t\t\t\t\t\t\t<p>Obex O\u00dc\u2019s mission is to provide high-quality construction services to both individuals and businesses.<\/p><p>Our quality of work, flexibility, and attention to detail help save your time, reduce stress, and achieve the best results.<\/p>\t\t\t\t\t\t\t\t<\/div>\n\t\t\t\t<\/div>\n\t\t\t\t<\/div>\n\t\t\t\t<\/div>\n\t\t\t\t\t<\/div>\n\t\t\t\t<\/div>\n\t\t<div class=\"elementor-element elementor-element-e7d3153 e-flex e-con-boxed e-con e-parent\" data-id=\"e7d3153\" data-element_type=\"container\" data-e-type=\"container\" data-settings=\"{&quot;background_background&quot;:&quot;classic&quot;}\">\n\t\t\t\t\t<div class=\"e-con-inner\">\n\t\t<div class=\"elementor-element elementor-element-98cf864 e-con-full e-flex e-con e-child\" data-id=\"98cf864\" data-element_type=\"container\" data-e-type=\"container\">\n\t\t\t\t<div class=\"elementor-element elementor-element-0f4c22c elementor-widget elementor-widget-heading\" data-id=\"0f4c22c\" data-element_type=\"widget\" data-e-type=\"widget\" data-widget_type=\"heading.default\">\n\t\t\t\t<div class=\"elementor-widget-container\">\n\t\t\t\t\t<h2 class=\"elementor-heading-title elementor-size-default\">Who are we?<\/h2>\t\t\t\t<\/div>\n\t\t\t\t<\/div>\n\t\t\t\t<div class=\"elementor-element elementor-element-0eabe0e elementor-widget elementor-widget-text-editor\" data-id=\"0eabe0e\" data-element_type=\"widget\" data-e-type=\"widget\" data-widget_type=\"text-editor.default\">\n\t\t\t\t<div class=\"elementor-widget-container\">\n\t\t\t\t\t\t\t\t\t<p>We are young but experienced builders. Our diligence, motivation, and professionalism have laid a strong foundation for a company capable of providing versatile and reliable services. With our practical experience and dedication, we can meet even the most complex client needs.<\/p>\t\t\t\t\t\t\t\t<\/div>\n\t\t\t\t<\/div>\n\t\t\t\t<\/div>\n\t\t\t\t\t<\/div>\n\t\t\t\t<\/div>\n\t\t<div class=\"elementor-element elementor-element-1aa16ee e-flex e-con-boxed e-con e-parent\" data-id=\"1aa16ee\" data-element_type=\"container\" data-e-type=\"container\" data-settings=\"{&quot;background_background&quot;:&quot;classic&quot;}\">\n\t\t\t\t\t<div class=\"e-con-inner\">\n\t\t<div class=\"elementor-element elementor-element-ec6bf0b e-con-full e-flex e-con e-child\" data-id=\"ec6bf0b\" data-element_type=\"container\" data-e-type=\"container\">\n\t\t\t\t<div class=\"elementor-element elementor-element-62610d5 elementor-widget elementor-widget-heading\" data-id=\"62610d5\" data-element_type=\"widget\" data-e-type=\"widget\" data-widget_type=\"heading.default\">\n\t\t\t\t<div class=\"elementor-widget-container\">\n\t\t\t\t\t<h2 class=\"elementor-heading-title elementor-size-default\">Our values<\/h2>\t\t\t\t<\/div>\n\t\t\t\t<\/div>\n\t\t<div class=\"elementor-element elementor-element-884251c e-grid e-con-full e-con e-child\" data-id=\"884251c\" data-element_type=\"container\" data-e-type=\"container\">\n\t\t<div class=\"elementor-element elementor-element-a14ea45 e-con-full e-flex e-con e-child\" data-id=\"a14ea45\" data-element_type=\"container\" data-e-type=\"container\">\n\t\t\t\t<div class=\"elementor-element elementor-element-f95ada2 elementor-view-default elementor-widget elementor-widget-icon\" data-id=\"f95ada2\" data-element_type=\"widget\" data-e-type=\"widget\" data-widget_type=\"icon.default\">\n\t\t\t\t<div class=\"elementor-widget-container\">\n\t\t\t\t\t\t\t<div class=\"elementor-icon-wrapper\">\n\t\t\t<div class=\"elementor-icon\">\n\t\t\t<svg xmlns=\"http:\/\/www.w3.org\/2000\/svg\" id=\"Layer_1\" viewbox=\"0 0 500 500\"><defs><style>      .st0 {        stroke-linecap: round;      }      .st0, .st1, .st2 {        fill: none;        stroke: #000;        stroke-linejoin: round;        stroke-width: 8px;      }      .st2 {        stroke-linecap: square;      }    <\/style><\/defs><g id=\"usaldusv\u00e4\u00e4rne\"><line class=\"st2\" x1=\"16.4\" y1=\"289.2\" x2=\"56.9\" y2=\"289.2\"><\/line><line class=\"st2\" x1=\"325.1\" y1=\"100.9\" x2=\"483.6\" y2=\"100.9\"><\/line><line class=\"st0\" x1=\"313\" y1=\"100.9\" x2=\"325.1\" y2=\"100.9\"><\/line><path class=\"st0\" d=\"M483.6,289.2h-40.6c-19.1,0-37.4,7.6-50.9,21.1l-128.1,128.1c-12.7,12.7-33.7,11.9-45.3-2.3-10.1-12.4-7.9-30.8,3.3-42.1l-1.2,1.2c-11.9,11.9-31.3,11.9-43.2,0s-11.9-31.3,0-43.2h0c-11.9,11.9-31.2,11.9-43.2,0-11.9-11.9-11.9-31.2,0-43.2l.6-.6c-11.7,11.7-30.9,12.6-43,1.3-12.7-11.8-12.9-31.7-.8-43.9h0l80.9-80.8c9-9,21.2-14,33.9-14l49.5.3,31.5,31.5c18.7,18.7,46.6,22.8,69.3,12,9.6-4.6,11.8-17.3,4.3-24.8l-74.8-74.8c-9-9-21.3-14.1-34-14.1H16.4\"><\/path><line class=\"st0\" x1=\"134.6\" y1=\"308.8\" x2=\"179\" y2=\"264.4\"><\/line><line class=\"st0\" x1=\"222.2\" y1=\"307.6\" x2=\"177.8\" y2=\"352\"><\/line><line class=\"st0\" x1=\"265.4\" y1=\"350.8\" x2=\"221\" y2=\"395.1\"><\/line><path class=\"st1\" d=\"M338.2,393.9c11.3,11.3,13.5,29.7,3.3,42.1-11.6,14.2-32.6,15-45.3,2.3\"><\/path><path class=\"st1\" d=\"M382.6,352c11.9,11.9,31.2,11.9,43.2,0,11.9-11.9,11.9-31.2,0-43.2\"><\/path><path class=\"st1\" d=\"M339.4,395.1c11.9,11.9,31.3,11.9,43.2,0,11.9-11.9,11.9-31.3,0-43.2\"><\/path><\/g><\/svg>\t\t\t<\/div>\n\t\t<\/div>\n\t\t\t\t\t\t<\/div>\n\t\t\t\t<\/div>\n\t\t\t\t<div class=\"elementor-element elementor-element-d1d05b7 elementor-widget elementor-widget-heading\" data-id=\"d1d05b7\" data-element_type=\"widget\" data-e-type=\"widget\" data-widget_type=\"heading.default\">\n\t\t\t\t<div class=\"elementor-widget-container\">\n\t\t\t\t\t<h3 class=\"elementor-heading-title elementor-size-default\">Reliability<\/h3>\t\t\t\t<\/div>\n\t\t\t\t<\/div>\n\t\t\t\t<div class=\"elementor-element elementor-element-15d95b3 elementor-widget elementor-widget-text-editor\" data-id=\"15d95b3\" data-element_type=\"widget\" data-e-type=\"widget\" data-widget_type=\"text-editor.default\">\n\t\t\t\t<div class=\"elementor-widget-container\">\n\t\t\t\t\t\t\t\t\t<p>We adhere to deadlines and provide a guarantee for our work.<\/p>\t\t\t\t\t\t\t\t<\/div>\n\t\t\t\t<\/div>\n\t\t\t\t<\/div>\n\t\t<div class=\"elementor-element elementor-element-81ddbac e-con-full e-flex e-con e-child\" data-id=\"81ddbac\" data-element_type=\"container\" data-e-type=\"container\">\n\t\t\t\t<div class=\"elementor-element elementor-element-5ea9097 elementor-view-default elementor-widget elementor-widget-icon\" data-id=\"5ea9097\" data-element_type=\"widget\" data-e-type=\"widget\" data-widget_type=\"icon.default\">\n\t\t\t\t<div class=\"elementor-widget-container\">\n\t\t\t\t\t\t\t<div class=\"elementor-icon-wrapper\">\n\t\t\t<div class=\"elementor-icon\">\n\t\t\t<svg xmlns=\"http:\/\/www.w3.org\/2000\/svg\" id=\"Layer_1\" viewbox=\"0 0 500 500\"><defs><style>      .st0 {        stroke-linecap: round;      }      .st0, .st1 {        fill: none;        stroke: #000;        stroke-linejoin: round;        stroke-width: 8px;      }      .st1 {        stroke-linecap: square;      }    <\/style><\/defs><g id=\"professional_2\"><g><path class=\"st0\" d=\"M249.7,123.3c22.4,0,40.6-18.2,40.6-40.6s-18.2-40.6-40.6-40.6-40.6,18.2-40.6,40.6,18.2,40.6,40.6,40.6h0Z\"><\/path><path class=\"st1\" d=\"M337.6,248.4v-58c0-17.2-14-31.2-31.2-31.2h-112.8c-17.2,0-31.2,14-31.2,31.2v58\"><\/path><\/g><g><g><path class=\"st0\" d=\"M316.9,304.5h52.7c0,.1,16.2-50,16.2-50,1.4-4.3,7.5-4.3,8.9,0l16.2,50.1h52.7c4.5-.1,6.4,5.7,2.7,8.3l-42.7,30.9,16.4,50.1c1.4,4.3-3.5,7.9-7.2,5.2l-42.5-31.1-42.5,31.1\"><\/path><path class=\"st0\" d=\"M152.4,399.1l-42.5-31.1-42.5,31.1c-3.7,2.7-8.6-.9-7.2-5.2l16.4-50.1-42.7-30.9c-3.7-2.7-1.8-8.5,2.7-8.5h52.7c0,.1,16.2-50,16.2-50,1.4-4.3,7.5-4.3,8.9,0l16.2,50.1h52.7\"><\/path><\/g><path class=\"st0\" d=\"M250,418.8l-52,38c-4.5,3.3-10.5-1.1-8.8-6.4l20-61.2-52.2-37.7c-4.5-3.2-2.2-10.3,3.4-10.3l64.4.2,19.7-61.3c1.7-5.3,9.2-5.3,10.9,0l19.7,61.3,64.4-.2c5.5,0,7.8,7.1,3.4,10.3l-52.2,37.7,20,61.2c1.7,5.3-4.3,9.7-8.8,6.4l-52-38h.1Z\"><\/path><\/g><\/g><\/svg>\t\t\t<\/div>\n\t\t<\/div>\n\t\t\t\t\t\t<\/div>\n\t\t\t\t<\/div>\n\t\t\t\t<div class=\"elementor-element elementor-element-d7e2ff4 elementor-widget elementor-widget-heading\" data-id=\"d7e2ff4\" data-element_type=\"widget\" data-e-type=\"widget\" data-widget_type=\"heading.default\">\n\t\t\t\t<div class=\"elementor-widget-container\">\n\t\t\t\t\t<h3 class=\"elementor-heading-title elementor-size-default\">Professionalism<\/h3>\t\t\t\t<\/div>\n\t\t\t\t<\/div>\n\t\t\t\t<div class=\"elementor-element elementor-element-dc4616e elementor-widget elementor-widget-text-editor\" data-id=\"dc4616e\" data-element_type=\"widget\" data-e-type=\"widget\" data-widget_type=\"text-editor.default\">\n\t\t\t\t<div class=\"elementor-widget-container\">\n\t\t\t\t\t\t\t\t\t<p>Every project receives the best finishing and quality control.<\/p>\t\t\t\t\t\t\t\t<\/div>\n\t\t\t\t<\/div>\n\t\t\t\t<\/div>\n\t\t<div class=\"elementor-element elementor-element-8e900bc e-con-full e-flex e-con e-child\" data-id=\"8e900bc\" data-element_type=\"container\" data-e-type=\"container\">\n\t\t\t\t<div class=\"elementor-element elementor-element-4aa2271 elementor-view-default elementor-widget elementor-widget-icon\" data-id=\"4aa2271\" data-element_type=\"widget\" data-e-type=\"widget\" data-widget_type=\"icon.default\">\n\t\t\t\t<div class=\"elementor-widget-container\">\n\t\t\t\t\t\t\t<div class=\"elementor-icon-wrapper\">\n\t\t\t<div class=\"elementor-icon\">\n\t\t\t<svg xmlns=\"http:\/\/www.w3.org\/2000\/svg\" id=\"Layer_1\" viewbox=\"0 0 500 500\"><defs><style>      .st0 {        fill: none;        stroke: #000;        stroke-linecap: round;        stroke-linejoin: round;        stroke-width: 8px;      }    <\/style><\/defs><g id=\"paindlikkus\"><path class=\"st0\" d=\"M226.3,265.4c-26.4,18.4-47.9,39.7-47.9,74.7\"><\/path><path class=\"st0\" d=\"M321.7,159.9c0,34.9-21.6,56.3-47.9,74.7\"><\/path><path class=\"st0\" d=\"M178.3,159.9c0,90.1,143.3,90.1,143.3,180.2\"><\/path><line class=\"st0\" x1=\"178.3\" y1=\"340.1\" x2=\"321.7\" y2=\"340.1\"><\/line><line class=\"st0\" x1=\"178.3\" y1=\"372.3\" x2=\"321.7\" y2=\"372.3\"><\/line><line class=\"st0\" x1=\"321.7\" y1=\"159.9\" x2=\"178.3\" y2=\"159.9\"><\/line><line class=\"st0\" x1=\"321.7\" y1=\"127.7\" x2=\"178.3\" y2=\"127.7\"><\/line><g><polyline class=\"st0\" points=\"415 250 380 250 436.3 347.5 492.6 250 457.6 250\"><\/polyline><path class=\"st0\" d=\"M100.5,105.5c37.8-39.1,90.8-63.4,149.3-63.4,114.6,0,207.9,93.2,207.9,207.8\"><\/path><g><polyline class=\"st0\" points=\"85 250 120 250 63.7 152.5 7.4 250 42.4 250\"><\/polyline><path class=\"st0\" d=\"M399.5,394.5c-37.8,39.1-90.8,63.4-149.3,63.4-114.6,0-207.9-93.2-207.9-207.8\"><\/path><\/g><\/g><\/g><\/svg>\t\t\t<\/div>\n\t\t<\/div>\n\t\t\t\t\t\t<\/div>\n\t\t\t\t<\/div>\n\t\t\t\t<div class=\"elementor-element elementor-element-b361112 elementor-widget elementor-widget-heading\" data-id=\"b361112\" data-element_type=\"widget\" data-e-type=\"widget\" data-widget_type=\"heading.default\">\n\t\t\t\t<div class=\"elementor-widget-container\">\n\t\t\t\t\t<h3 class=\"elementor-heading-title elementor-size-default\">Flexibility<\/h3>\t\t\t\t<\/div>\n\t\t\t\t<\/div>\n\t\t\t\t<div class=\"elementor-element elementor-element-d200402 elementor-widget elementor-widget-text-editor\" data-id=\"d200402\" data-element_type=\"widget\" data-e-type=\"widget\" data-widget_type=\"text-editor.default\">\n\t\t\t\t<div class=\"elementor-widget-container\">\n\t\t\t\t\t\t\t\t\t<p>We adjust our schedule to meet the client\u2019s needs.<\/p>\t\t\t\t\t\t\t\t<\/div>\n\t\t\t\t<\/div>\n\t\t\t\t<\/div>\n\t\t\t\t<\/div>\n\t\t\t\t<\/div>\n\t\t\t\t\t<\/div>\n\t\t\t\t<\/div>\n\t\t<div class=\"elementor-element elementor-element-efd9488 e-flex e-con-boxed e-con e-parent\" data-id=\"efd9488\" data-element_type=\"container\" data-e-type=\"container\" data-settings=\"{&quot;background_background&quot;:&quot;classic&quot;}\">\n\t\t\t\t\t<div class=\"e-con-inner\">\n\t\t<div class=\"elementor-element elementor-element-af1b3a8 e-con-full e-flex e-con e-child\" data-id=\"af1b3a8\" data-element_type=\"container\" data-e-type=\"container\">\n\t\t\t\t<div class=\"elementor-element elementor-element-eb45281 elementor-widget elementor-widget-heading\" data-id=\"eb45281\" data-element_type=\"widget\" data-e-type=\"widget\" data-widget_type=\"heading.default\">\n\t\t\t\t<div class=\"elementor-widget-container\">\n\t\t\t\t\t<h2 class=\"elementor-heading-title elementor-size-default\">Why choose Obex?<\/h2>\t\t\t\t<\/div>\n\t\t\t\t<\/div>\n\t\t\t\t<div class=\"elementor-element elementor-element-7c8f897 elementor-widget elementor-widget-text-editor\" data-id=\"7c8f897\" data-element_type=\"widget\" data-e-type=\"widget\" data-widget_type=\"text-editor.default\">\n\t\t\t\t<div class=\"elementor-widget-container\">\n\t\t\t\t\t\t\t\t\t<p>Our goal is to build long-term client relationships by providing services that exceed expectations. Obex combines youthful energy, innovation, and extensive knowledge in construction.<\/p>\t\t\t\t\t\t\t\t<\/div>\n\t\t\t\t<\/div>\n\t\t\t\t<div class=\"elementor-element elementor-element-3e8d994 elementor-mobile-align-left elementor-widget elementor-widget-button\" data-id=\"3e8d994\" data-element_type=\"widget\" data-e-type=\"widget\" data-widget_type=\"button.default\">\n\t\t\t\t<div class=\"elementor-widget-container\">\n\t\t\t\t\t\t\t\t\t<div class=\"elementor-button-wrapper\">\n\t\t\t\t\t<a class=\"elementor-button elementor-button-link elementor-size-sm elementor-animation-grow\" href=\"https:\/\/obex.ee\/en\/kontakt\/\">\n\t\t\t\t\t\t<span class=\"elementor-button-content-wrapper\">\n\t\t\t\t\t\t\t\t\t<span class=\"elementor-button-text\">Get in touch with us<\/span>\n\t\t\t\t\t<\/span>\n\t\t\t\t\t<\/a>\n\t\t\t\t<\/div>\n\t\t\t\t\t\t\t\t<\/div>\n\t\t\t\t<\/div>\n\t\t\t\t<\/div>\n\t\t\t\t\t<\/div>\n\t\t\t\t<\/div>\n\t\t\t\t<\/div>","protected":false},"excerpt":{"rendered":"<p>Teie usaldusv\u00e4\u00e4rne ehituspartner Kvaliteetne ehitusviimistlusteenus eraisikutele ja ettev\u00f5tetele Vaata meie teenuseid Tutvu tehtud t\u00f6\u00f6dega Meie eesm\u00e4rk Obex O\u00dc eesm\u00e4rk on [&hellip;]<\/p>\n","protected":false},"author":2,"featured_media":0,"parent":0,"menu_order":0,"comment_status":"closed","ping_status":"closed","template":"","meta":{"om_disable_all_campaigns":false,"_monsterinsights_skip_tracking":false,"_monsterinsights_sitenote_active":false,"_monsterinsights_sitenote_note":"","_monsterinsights_sitenote_category":0,"site-sidebar-layout":"no-sidebar","site-content-layout":"","ast-site-content-layout":"full-width-container","site-content-style":"default","site-sidebar-style":"default","ast-global-header-display":"","ast-banner-title-visibility":"","ast-main-header-display":"","ast-hfb-above-header-display":"","ast-hfb-below-header-display":"","ast-hfb-mobile-header-display":"","site-post-title":"disabled","ast-breadcrumbs-content":"","ast-featured-img":"disabled","footer-sml-layout":"","theme-transparent-header-meta":"","adv-header-id-meta":"","stick-header-meta":"","header-above-stick-meta":"","header-main-stick-meta":"","header-below-stick-meta":"","astra-migrate-meta-layouts":"default","ast-page-background-enabled":"default","ast-page-background-meta":{"desktop":{"background-color":"var(--ast-global-color-4)","background-image":"","background-repeat":"repeat","background-position":"center center","background-size":"auto","background-attachment":"scroll","background-type":"","background-media":"","overlay-type":"","overlay-color":"","overlay-gradient":""},"tablet":{"background-color":"","background-image":"","background-repeat":"repeat","background-position":"center center","background-size":"auto","background-attachment":"scroll","background-type":"","background-media":"","overlay-type":"","overlay-color":"","overlay-gradient":""},"mobile":{"background-color":"","background-image":"","background-repeat":"repeat","background-position":"center center","background-size":"auto","background-attachment":"scroll","background-type":"","background-media":"","overlay-type":"","overlay-color":"","overlay-gradient":""}},"ast-content-background-meta":{"desktop":{"background-color":"var(--ast-global-color-5)","background-image":"","background-repeat":"repeat","background-position":"center center","background-size":"auto","background-attachment":"scroll","background-type":"","background-media":"","overlay-type":"","overlay-color":"","overlay-gradient":""},"tablet":{"background-color":"var(--ast-global-color-5)","background-image":"","background-repeat":"repeat","background-position":"center center","background-size":"auto","background-attachment":"scroll","background-type":"","background-media":"","overlay-type":"","overlay-color":"","overlay-gradient":""},"mobile":{"background-color":"var(--ast-global-color-5)","background-image":"","background-repeat":"repeat","background-position":"center center","background-size":"auto","background-attachment":"scroll","background-type":"","background-media":"","overlay-type":"","overlay-color":"","overlay-gradient":""}},"footnotes":""},"class_list":["post-343","page","type-page","status-publish","hentry"],"aioseo_notices":[],"_links":{"self":[{"href":"https:\/\/obex.ee\/en\/wp-json\/wp\/v2\/pages\/343","targetHints":{"allow":["GET"]}}],"collection":[{"href":"https:\/\/obex.ee\/en\/wp-json\/wp\/v2\/pages"}],"about":[{"href":"https:\/\/obex.ee\/en\/wp-json\/wp\/v2\/types\/page"}],"author":[{"embeddable":true,"href":"https:\/\/obex.ee\/en\/wp-json\/wp\/v2\/users\/2"}],"replies":[{"embeddable":true,"href":"https:\/\/obex.ee\/en\/wp-json\/wp\/v2\/comments?post=343"}],"version-history":[{"count":5,"href":"https:\/\/obex.ee\/en\/wp-json\/wp\/v2\/pages\/343\/revisions"}],"predecessor-version":[{"id":1025,"href":"https:\/\/obex.ee\/en\/wp-json\/wp\/v2\/pages\/343\/revisions\/1025"}],"wp:attachment":[{"href":"https:\/\/obex.ee\/en\/wp-json\/wp\/v2\/media?parent=343"}],"curies":[{"name":"wp","href":"https:\/\/api.w.org\/{rel}","templated":true}]}}