{"id":341,"date":"2024-05-29T14:32:27","date_gmt":"2024-05-29T14:32:27","guid":{"rendered":"https:\/\/obex.ee\/?page_id=341"},"modified":"2025-11-30T16:26:07","modified_gmt":"2025-11-30T16:26:07","slug":"hinnakiri","status":"publish","type":"page","link":"https:\/\/obex.ee\/en\/hinnakiri\/","title":{"rendered":"Pricing"},"content":{"rendered":"<div data-elementor-type=\"wp-page\" data-elementor-id=\"341\" class=\"elementor elementor-341\">\n\t\t\t\t<div class=\"elementor-element elementor-element-4601c7f e-flex e-con-boxed e-con e-parent\" data-id=\"4601c7f\" data-element_type=\"container\" data-e-type=\"container\" data-settings=\"{&quot;background_background&quot;:&quot;classic&quot;}\">\n\t\t\t\t\t<div class=\"e-con-inner\">\n\t\t\t\t<div class=\"elementor-element elementor-element-adadc20 elementor-widget elementor-widget-heading\" data-id=\"adadc20\" data-element_type=\"widget\" data-e-type=\"widget\" data-widget_type=\"heading.default\">\n\t\t\t\t<div class=\"elementor-widget-container\">\n\t\t\t\t\t<h1 class=\"elementor-heading-title elementor-size-default\">Pricing<\/h1>\t\t\t\t<\/div>\n\t\t\t\t<\/div>\n\t\t\t\t\t<\/div>\n\t\t\t\t<\/div>\n\t\t<div class=\"elementor-element elementor-element-7fdcbe1 e-flex e-con-boxed e-con e-parent\" data-id=\"7fdcbe1\" data-element_type=\"container\" data-e-type=\"container\" data-settings=\"{&quot;background_background&quot;:&quot;classic&quot;}\">\n\t\t\t\t\t<div class=\"e-con-inner\">\n\t\t<div class=\"elementor-element elementor-element-6032509 e-flex e-con-boxed e-con e-child\" data-id=\"6032509\" data-element_type=\"container\" data-e-type=\"container\">\n\t\t\t\t\t<div class=\"e-con-inner\">\n\t\t\t\t<div class=\"elementor-element elementor-element-8b0c5cc elementor-widget elementor-widget-html\" data-id=\"8b0c5cc\" data-element_type=\"widget\" data-e-type=\"widget\" data-widget_type=\"html.default\">\n\t\t\t\t<div class=\"elementor-widget-container\">\n\t\t\t\t\t<table class=\"hinnakiri-container\">\n<tbody>\n<tr>\n    <th id=\"plaatimine\" colspan=\"2\"><h3>Tiling<\/h3><\/th>\n<\/tr>    \n<tr>\n<td>Waterproofing services<\/td>\n<td>from 8.00\u20ac\/m<sup>2<\/sup>\/layer<\/td>\n<\/tr>\n<tr>\n<td>Tiling services<\/td>\n<td>from 30.00\u20ac\/m<sup>2<\/sup><\/td>\n<\/tr>\n<tr>\n<td>Installation of tile baseboards<\/td>\n<td>from 25.00\u20ac\/lm<\/td>\n<\/tr>\n<tr>\n    <th id=\"plaatimine\" colspan=\"2\"><h3>Finishing services<\/h3>\n        <h4>(walls)<\/h4>\n    <\/th>\n<\/tr>   \n<tr>\n<td>Removal of old wallpaper<\/td>\n<td>By agreement<\/td>\n<\/tr>\n<tr>\n<td>Surface levelling \/ plastering with MP-75<\/td>\n<td>from 12.00\u20ac\/m<sup>2<\/sup><\/td>\n<\/tr>\n<tr>\n<td>Wall skim coating (2 layers) and sanding (2 times) \u2013 price depends on required finishing quality level (Q1\u2013Q4)<\/td>\n<td>from 20.00\u20ac\/m<sup>2<\/sup><\/td>\n<\/tr>\n<tr>\n<td>Finishing of window and door reveals (incl. installation of reinforcement corner, skim coating, and painting)<\/td>\n<td>from 15.00\u20ac\/lm<\/td>\n<\/tr>\n<tr>\n<td>Painting (priming + 2 coats of paint)<\/td>\n<td>from 10.00\u20ac\/m<sup>2<\/sup><\/td>\n<\/tr>\n<tr>\n<td>Decorative walls<\/td>\n<td>By agreement<\/td>\n<\/tr>\n<tr>\n<td>Installation of decorative stone<\/td>\n<td>from 30.00\u20ac\/m<sup>2<\/sup><\/td>\n<\/tr>\n<tr>\n<td>Installation of interior door<\/td>\n<td>By agreement<\/td>\n<\/tr>\n<tr>\n<td>Installation of door trims<\/td>\n<td>from 5.00\u20ac\/lm<\/td>\n<\/tr>\n<tr>\n    <th id=\"plaatimine\" colspan=\"2\"><h3>Finishing services<\/h3>\n        <h4>(ceilings)<\/h4>\n    <\/th>\n<\/tr>   \n<tr>\n<td>Skim coating (2 layers), sanding (2 times) and priming<\/td>\n<td>from 20.00\u20ac\/m<sup>2<\/sup><\/td>\n<\/tr>\n<tr>\n<td>Installation of ceiling trims<\/td>\n<td>from 10.00\u20ac\/lm<\/td>\n<\/tr>\n<tr>\n<td>Installation of ceiling panels with clips<\/td>\n<td>from 10.00\u20ac\/m<sup>2<\/sup><\/td>\n<\/tr>\n<tr>\n<td>Installation of modular suspended ceiling<\/td>\n<td>from 18.00\u20ac\/m<sup>2<\/sup><\/td>\n<\/tr>\n<tr>\n    <th id=\"plaatimine\" colspan=\"2\"><h3>Finishing services<\/h3>\n        <h4>(floors)<\/h4>\n    <\/th>\n<\/tr>\n<tr>\n<td>Preparatory works (application of bonding dispersion or moisture barrier)<\/td>\n<td>from 2.50\u20ac\/m<sup>2<\/sup><\/td>\n<\/tr>\n<tr>\n<td>Installation of click laminate and wooden parquet flooring<\/td>\n<td>from 10.00\u20ac\/m<sup>2<\/sup><\/td>\n<\/tr>\n\n<tr>\n<td>Installation of PVC\/vinyl flooring<\/td>\n<td>from 12.00\u20ac\/m<sup>2<\/sup><\/td>\n<\/tr>\n<tr>\n<td>Installation of trims<\/td>\n<td>from 8.00\u20ac\/lm<\/td>\n<\/tr>\n<tr>\n    <th id=\"plaatimine\" colspan=\"2\"><h3>Interior construction<\/h3>\n        <h4>(wall and ceiling framing, insulation, drywall works, floor construction, and other building works)<\/h4>\n    <\/th>\n<\/tr>\n<tr>\n<td>General construction services<\/td>\n<td>By agreement<\/td>\n<\/tr>\n<tr>\n<td>Demolition services<\/td>\n<td>By agreement<\/td>\n<\/tr>\n<tr>\n<td>Electrical services<\/td>\n<td>By agreement<\/td>\n<\/tr>\n<tr>\n<td>Ventilation services<\/td>\n<td>By agreement<\/td>\n<\/tr>\n<tr>\n<td>Plumbing services<\/td>\n<td>By agreement<\/td>\n<\/tr>\n<tr>\n<td>Post-construction cleaning and waste removal<\/td>\n<td>By agreement<\/td>\n<\/tr>\n<tr>\n    <th id=\"plaatimine\" colspan=\"2\"><h3>Exterior construction<\/h3>\n        <h4>(wood fa\u00e7ade works, fibre-cement cladding, decorative stone, terrace construction, and other building works)<\/h4>\n    <\/th>\n<\/tr>\n<tr>\n<td>General construction services<\/td>\n<td>By agreement<\/td>\n<\/tr>\n<tr>\n<td>Wall insulation installation<\/td>\n<td>from 8.00\u20ac\/m<sup>2<\/sup><\/td>\n<\/tr>\n<tr>\n<td>Installation of OSB and wind barrier boards<\/td>\n<td>from 8.00\u20ac\/m<sup>2<\/sup><\/td>\n<\/tr>\n<tr>\n<td>Installation of battens<\/td>\n<td>By agreement<\/td>\n<\/tr>\n<tr>\n<td>Exterior cladding installation<\/td>\n<td>from 15.00\u20ac\/m<sup>2<\/sup><\/td>\n<\/tr>\n<tr>\n<td>Exterior cladding painting (per coat)<\/td>\n<td>from 6.00\u20ac\/m<sup>2<\/sup><\/td>\n<\/tr>\n<tr>\n<td>Installation of window, door, and corner trims<\/td>\n<td>from 8.00\u20ac\/lm<\/td>\n<\/tr>\n<tr>\n<td>Fibre-cement siding installation<\/td>\n<td>from 20.00\u20ac\/m<sup>2<\/sup><\/td>\n<\/tr>\n<tr>\n<td>Exterior fa\u00e7ade painting<\/td>\n<td>from 10.00\u20ac\/m<sup>2<\/sup><\/td>\n<\/tr>\n<\/tbody>\n<\/table>\t\t\t\t<\/div>\n\t\t\t\t<\/div>\n\t\t\t\t<div class=\"elementor-element elementor-element-b6ac8de elementor-widget elementor-widget-heading\" data-id=\"b6ac8de\" data-element_type=\"widget\" data-e-type=\"widget\" data-widget_type=\"heading.default\">\n\t\t\t\t<div class=\"elementor-widget-container\">\n\t\t\t\t\t<h4 class=\"elementor-heading-title elementor-size-default\">Would you like a more detailed price offer or assistance with another construction work?<br>Contact us and we will find the right solution for your project!<\/h4>\t\t\t\t<\/div>\n\t\t\t\t<\/div>\n\t\t\t\t<div class=\"elementor-element elementor-element-5a975dc elementor-align-center elementor-widget elementor-widget-button\" data-id=\"5a975dc\" data-element_type=\"widget\" data-e-type=\"widget\" data-widget_type=\"button.default\">\n\t\t\t\t<div class=\"elementor-widget-container\">\n\t\t\t\t\t\t\t\t\t<div class=\"elementor-button-wrapper\">\n\t\t\t\t\t<a class=\"elementor-button elementor-button-link elementor-size-sm elementor-animation-grow\" href=\"https:\/\/obex.ee\/en\/kontakt\/\">\n\t\t\t\t\t\t<span class=\"elementor-button-content-wrapper\">\n\t\t\t\t\t\t\t\t\t<span class=\"elementor-button-text\">Get in touch with us<\/span>\n\t\t\t\t\t<\/span>\n\t\t\t\t\t<\/a>\n\t\t\t\t<\/div>\n\t\t\t\t\t\t\t\t<\/div>\n\t\t\t\t<\/div>\n\t\t\t\t<div class=\"elementor-element elementor-element-7db4d76 elementor-widget elementor-widget-spacer\" data-id=\"7db4d76\" data-element_type=\"widget\" data-e-type=\"widget\" data-widget_type=\"spacer.default\">\n\t\t\t\t<div class=\"elementor-widget-container\">\n\t\t\t\t\t\t\t<div class=\"elementor-spacer\">\n\t\t\t<div class=\"elementor-spacer-inner\"><\/div>\n\t\t<\/div>\n\t\t\t\t\t\t<\/div>\n\t\t\t\t<\/div>\n\t\t\t\t\t<\/div>\n\t\t\t\t<\/div>\n\t\t\t\t\t<\/div>\n\t\t\t\t<\/div>\n\t\t\t\t<\/div>","protected":false},"excerpt":{"rendered":"<p>Hinnakiri Plaatimine H\u00fcdroisolatsioonit\u00f6\u00f6d al.8.00\u20ac\/m2\/kiht Plaatimist\u00f6\u00f6d al.30.00\u20ac\/m2 P\u00f5randaplaadist liistude paigaldus al.25.00\u20ac\/jm Viimistlust\u00f6\u00f6d (seinad) Vana tapeedi eemaldamine Kokkuleppel Pindade tasandamine\/krohvimine MP-75 al.12.00\u20ac\/m2 [&hellip;]<\/p>\n","protected":false},"author":2,"featured_media":0,"parent":0,"menu_order":0,"comment_status":"closed","ping_status":"closed","template":"","meta":{"om_disable_all_campaigns":false,"_monsterinsights_skip_tracking":false,"_monsterinsights_sitenote_active":false,"_monsterinsights_sitenote_note":"","_monsterinsights_sitenote_category":0,"site-sidebar-layout":"no-sidebar","site-content-layout":"","ast-site-content-layout":"full-width-container","site-content-style":"default","site-sidebar-style":"default","ast-global-header-display":"","ast-banner-title-visibility":"","ast-main-header-display":"","ast-hfb-above-header-display":"","ast-hfb-below-header-display":"","ast-hfb-mobile-header-display":"","site-post-title":"disabled","ast-breadcrumbs-content":"","ast-featured-img":"disabled","footer-sml-layout":"","theme-transparent-header-meta":"","adv-header-id-meta":"","stick-header-meta":"","header-above-stick-meta":"","header-main-stick-meta":"","header-below-stick-meta":"","astra-migrate-meta-layouts":"default","ast-page-background-enabled":"default","ast-page-background-meta":{"desktop":{"background-color":"var(--ast-global-color-4)","background-image":"","background-repeat":"repeat","background-position":"center center","background-size":"auto","background-attachment":"scroll","background-type":"","background-media":"","overlay-type":"","overlay-color":"","overlay-gradient":""},"tablet":{"background-color":"","background-image":"","background-repeat":"repeat","background-position":"center center","background-size":"auto","background-attachment":"scroll","background-type":"","background-media":"","overlay-type":"","overlay-color":"","overlay-gradient":""},"mobile":{"background-color":"","background-image":"","background-repeat":"repeat","background-position":"center center","background-size":"auto","background-attachment":"scroll","background-type":"","background-media":"","overlay-type":"","overlay-color":"","overlay-gradient":""}},"ast-content-background-meta":{"desktop":{"background-color":"var(--ast-global-color-5)","background-image":"","background-repeat":"repeat","background-position":"center center","background-size":"auto","background-attachment":"scroll","background-type":"","background-media":"","overlay-type":"","overlay-color":"","overlay-gradient":""},"tablet":{"background-color":"var(--ast-global-color-5)","background-image":"","background-repeat":"repeat","background-position":"center center","background-size":"auto","background-attachment":"scroll","background-type":"","background-media":"","overlay-type":"","overlay-color":"","overlay-gradient":""},"mobile":{"background-color":"var(--ast-global-color-5)","background-image":"","background-repeat":"repeat","background-position":"center center","background-size":"auto","background-attachment":"scroll","background-type":"","background-media":"","overlay-type":"","overlay-color":"","overlay-gradient":""}},"footnotes":""},"class_list":["post-341","page","type-page","status-publish","hentry"],"aioseo_notices":[],"_links":{"self":[{"href":"https:\/\/obex.ee\/en\/wp-json\/wp\/v2\/pages\/341","targetHints":{"allow":["GET"]}}],"collection":[{"href":"https:\/\/obex.ee\/en\/wp-json\/wp\/v2\/pages"}],"about":[{"href":"https:\/\/obex.ee\/en\/wp-json\/wp\/v2\/types\/page"}],"author":[{"embeddable":true,"href":"https:\/\/obex.ee\/en\/wp-json\/wp\/v2\/users\/2"}],"replies":[{"embeddable":true,"href":"https:\/\/obex.ee\/en\/wp-json\/wp\/v2\/comments?post=341"}],"version-history":[{"count":5,"href":"https:\/\/obex.ee\/en\/wp-json\/wp\/v2\/pages\/341\/revisions"}],"predecessor-version":[{"id":1102,"href":"https:\/\/obex.ee\/en\/wp-json\/wp\/v2\/pages\/341\/revisions\/1102"}],"wp:attachment":[{"href":"https:\/\/obex.ee\/en\/wp-json\/wp\/v2\/media?parent=341"}],"curies":[{"name":"wp","href":"https:\/\/api.w.org\/{rel}","templated":true}]}}